{"id":911,"date":"2020-07-08T17:10:18","date_gmt":"2020-07-08T17:10:18","guid":{"rendered":"https:\/\/boxmakereducacional.com\/swp\/produto\/ccefi-quintanat431\/"},"modified":"2020-08-04T21:57:07","modified_gmt":"2020-08-04T21:57:07","slug":"ccefi-quintanat431","status":"publish","type":"product","link":"https:\/\/boxmakereducacional.com\/swp\/produto\/ccefi-quintanat431\/","title":{"rendered":"Computa\u00e7\u00e3o Criativa &#8211; EF I &#8211; M\u00e1rio Quintana &#8211; T431"},"content":{"rendered":"","protected":false},"excerpt":{"rendered":"","protected":false},"author":1,"featured_media":707,"comment_status":"open","ping_status":"closed","template":"","meta":{"_uag_custom_page_level_css":"","advgb_blocks_editor_width":"","advgb_blocks_columns_visual_guide":""},"pwb-brand":[],"product_cat":[54],"product_tag":[],"jetpack_sharing_enabled":true,"uagb_featured_image_src":{"full":["https:\/\/i0.wp.com\/boxmakereducacional.com\/swp\/wp-content\/uploads\/2020\/06\/games.png?fit=1251%2C1251&ssl=1",1251,1251,false],"thumbnail":["https:\/\/i0.wp.com\/boxmakereducacional.com\/swp\/wp-content\/uploads\/2020\/06\/games.png?resize=150%2C150&ssl=1",150,150,true],"medium":["https:\/\/i0.wp.com\/boxmakereducacional.com\/swp\/wp-content\/uploads\/2020\/06\/games.png?fit=300%2C300&ssl=1",300,300,true],"medium_large":["https:\/\/i0.wp.com\/boxmakereducacional.com\/swp\/wp-content\/uploads\/2020\/06\/games.png?fit=730%2C730&ssl=1",730,730,true],"large":["https:\/\/i0.wp.com\/boxmakereducacional.com\/swp\/wp-content\/uploads\/2020\/06\/games.png?fit=730%2C730&ssl=1",730,730,true],"1536x1536":["https:\/\/i0.wp.com\/boxmakereducacional.com\/swp\/wp-content\/uploads\/2020\/06\/games.png?fit=1251%2C1251&ssl=1",1251,1251,true],"2048x2048":["https:\/\/i0.wp.com\/boxmakereducacional.com\/swp\/wp-content\/uploads\/2020\/06\/games.png?fit=1251%2C1251&ssl=1",1251,1251,true],"post-thumbnail":["https:\/\/i0.wp.com\/boxmakereducacional.com\/swp\/wp-content\/uploads\/2020\/06\/games.png?resize=1138%2C400&ssl=1",1138,400,true],"di-multipurpose-recentpostthumb":["https:\/\/i0.wp.com\/boxmakereducacional.com\/swp\/wp-content\/uploads\/2020\/06\/games.png?resize=90%2C90&ssl=1",90,90,true],"di-multipurpose-related-posts-thumb":["https:\/\/i0.wp.com\/boxmakereducacional.com\/swp\/wp-content\/uploads\/2020\/06\/games.png?resize=360%2C240&ssl=1",360,240,true],"di-multipurpose-owl-img":["https:\/\/i0.wp.com\/boxmakereducacional.com\/swp\/wp-content\/uploads\/2020\/06\/games.png?resize=450%2C300&ssl=1",450,300,true],"woocommerce_thumbnail":["https:\/\/i0.wp.com\/boxmakereducacional.com\/swp\/wp-content\/uploads\/2020\/06\/games.png?resize=300%2C300&ssl=1",300,300,true],"woocommerce_single":["https:\/\/i0.wp.com\/boxmakereducacional.com\/swp\/wp-content\/uploads\/2020\/06\/games.png?fit=600%2C600&ssl=1",600,600,true],"woocommerce_gallery_thumbnail":["https:\/\/i0.wp.com\/boxmakereducacional.com\/swp\/wp-content\/uploads\/2020\/06\/games.png?resize=100%2C100&ssl=1",100,100,true]},"uagb_author_info":{"display_name":"admin","author_link":"https:\/\/boxmakereducacional.com\/swp\/blog\/author\/admin\/"},"uagb_comment_info":0,"uagb_excerpt":null,"featured_img":"https:\/\/i0.wp.com\/boxmakereducacional.com\/swp\/wp-content\/uploads\/2020\/06\/games.png?resize=1138%2C400&ssl=1","coauthors":[],"author_meta":{"author_link":"https:\/\/boxmakereducacional.com\/swp\/blog\/author\/admin\/","display_name":"admin"},"relative_dates":{"created":"Posted 6 anos ago","modified":"Updated 6 anos ago"},"absolute_dates":{"created":"Posted on 08\/07\/2020","modified":"Updated on 04\/08\/2020"},"absolute_dates_time":{"created":"Posted on 08\/07\/2020 17:10","modified":"Updated on 04\/08\/2020 21:57"},"featured_img_caption":"","tax_additional":{"pwb-brand":{"linked":[],"unlinked":[],"slug":"pwb-brand","name":"Marcas"},"product_type":{"linked":["<a href=\"https:\/\/boxmakereducacional.com\/swp\/?taxonomy=product_type&#038;term=simple\" class=\"advgb-post-tax-term\">simple<\/a>"],"unlinked":["<span class=\"advgb-post-tax-term\">simple<\/span>"],"slug":"product_type","name":"Tipo de produto"},"product_visibility":{"linked":["<a href=\"https:\/\/boxmakereducacional.com\/swp\/?taxonomy=product_visibility&#038;term=outofstock\" class=\"advgb-post-tax-term\">outofstock<\/a>"],"unlinked":["<span class=\"advgb-post-tax-term\">outofstock<\/span>"],"slug":"product_visibility","name":"Visibilidade do produto"},"product_cat":{"linked":["<a href=\"https:\/\/boxmakereducacional.com\/swp\/categoria-produto\/boxmaker-1\/sistema-15\/\" class=\"advgb-post-tax-term\">Sistema<\/a>"],"unlinked":["<span class=\"advgb-post-tax-term\">Sistema<\/span>"],"slug":"product_cat","name":"Categorias de produto"},"product_tag":{"linked":[],"unlinked":[],"slug":"product_tag","name":"Tags de produto"},"product_shipping_class":{"linked":[],"unlinked":[],"slug":"product_shipping_class","name":"Classes de entrega do produto"},"fb_product_set":{"linked":[],"unlinked":[],"slug":"fb_product_set","name":"Sincroniza\u00e7\u00e3o de produtos no Facebook"}},"series_order":"","brands":[],"_links":{"self":[{"href":"https:\/\/boxmakereducacional.com\/swp\/wp-json\/wp\/v2\/product\/911"}],"collection":[{"href":"https:\/\/boxmakereducacional.com\/swp\/wp-json\/wp\/v2\/product"}],"about":[{"href":"https:\/\/boxmakereducacional.com\/swp\/wp-json\/wp\/v2\/types\/product"}],"replies":[{"embeddable":true,"href":"https:\/\/boxmakereducacional.com\/swp\/wp-json\/wp\/v2\/comments?post=911"}],"wp:featuredmedia":[{"embeddable":true,"href":"https:\/\/boxmakereducacional.com\/swp\/wp-json\/wp\/v2\/media\/707"}],"wp:attachment":[{"href":"https:\/\/boxmakereducacional.com\/swp\/wp-json\/wp\/v2\/media?parent=911"}],"wp:term":[{"taxonomy":"pwb-brand","embeddable":true,"href":"https:\/\/boxmakereducacional.com\/swp\/wp-json\/wp\/v2\/pwb-brand?post=911"},{"taxonomy":"product_cat","embeddable":true,"href":"https:\/\/boxmakereducacional.com\/swp\/wp-json\/wp\/v2\/product_cat?post=911"},{"taxonomy":"product_tag","embeddable":true,"href":"https:\/\/boxmakereducacional.com\/swp\/wp-json\/wp\/v2\/product_tag?post=911"}],"curies":[{"name":"wp","href":"https:\/\/api.w.org\/{rel}","templated":true}]}}