{"id":877,"date":"2020-07-08T17:10:18","date_gmt":"2020-07-08T17:10:18","guid":{"rendered":"https:\/\/boxmakereducacional.com\/swp\/produto\/ig-on\/"},"modified":"2020-08-04T21:57:06","modified_gmt":"2020-08-04T21:57:06","slug":"ig-on","status":"publish","type":"product","link":"https:\/\/boxmakereducacional.com\/swp\/produto\/ig-on\/","title":{"rendered":"Igreja Online &#8211; Nome da Institui\u00e7\u00e3o"},"content":{"rendered":"<p>Espa\u00e7o Online de Louvor de Adora\u00e7\u00e3o<\/p>\n<p><a href=\"https:\/\/www.youtube.com\/watch?v=bCYa9hB2ejU\" target=\"_blank\" rel=\"noreferrer noopener\">https:\/\/www.youtube.com\/watch?v=bCYa9hB2ejU<\/a><\/p>\n","protected":false},"excerpt":{"rendered":"<p>Espa\u00e7o Online de Louvor de Adora\u00e7\u00e3o https:\/\/www.youtube.com\/watch?v=bCYa9hB2ejU<\/p>\n","protected":false},"author":1,"featured_media":213,"comment_status":"open","ping_status":"closed","template":"","meta":{"_uag_custom_page_level_css":"","advgb_blocks_editor_width":"","advgb_blocks_columns_visual_guide":""},"pwb-brand":[],"product_cat":[44],"product_tag":[],"jetpack_sharing_enabled":true,"uagb_featured_image_src":{"full":["https:\/\/i0.wp.com\/boxmakereducacional.com\/swp\/wp-content\/uploads\/2020\/05\/cruz.png?fit=225%2C225&ssl=1",225,225,false],"thumbnail":["https:\/\/i0.wp.com\/boxmakereducacional.com\/swp\/wp-content\/uploads\/2020\/05\/cruz.png?resize=150%2C150&ssl=1",150,150,true],"medium":["https:\/\/i0.wp.com\/boxmakereducacional.com\/swp\/wp-content\/uploads\/2020\/05\/cruz.png?fit=225%2C225&ssl=1",225,225,true],"medium_large":["https:\/\/i0.wp.com\/boxmakereducacional.com\/swp\/wp-content\/uploads\/2020\/05\/cruz.png?fit=225%2C225&ssl=1",225,225,true],"large":["https:\/\/i0.wp.com\/boxmakereducacional.com\/swp\/wp-content\/uploads\/2020\/05\/cruz.png?fit=225%2C225&ssl=1",225,225,true],"1536x1536":["https:\/\/i0.wp.com\/boxmakereducacional.com\/swp\/wp-content\/uploads\/2020\/05\/cruz.png?fit=225%2C225&ssl=1",225,225,true],"2048x2048":["https:\/\/i0.wp.com\/boxmakereducacional.com\/swp\/wp-content\/uploads\/2020\/05\/cruz.png?fit=225%2C225&ssl=1",225,225,true],"post-thumbnail":["https:\/\/i0.wp.com\/boxmakereducacional.com\/swp\/wp-content\/uploads\/2020\/05\/cruz.png?resize=225%2C225&ssl=1",225,225,true],"di-multipurpose-recentpostthumb":["https:\/\/i0.wp.com\/boxmakereducacional.com\/swp\/wp-content\/uploads\/2020\/05\/cruz.png?resize=90%2C90&ssl=1",90,90,true],"di-multipurpose-related-posts-thumb":["https:\/\/i0.wp.com\/boxmakereducacional.com\/swp\/wp-content\/uploads\/2020\/05\/cruz.png?resize=225%2C225&ssl=1",225,225,true],"di-multipurpose-owl-img":["https:\/\/i0.wp.com\/boxmakereducacional.com\/swp\/wp-content\/uploads\/2020\/05\/cruz.png?resize=225%2C225&ssl=1",225,225,true],"woocommerce_thumbnail":["https:\/\/i0.wp.com\/boxmakereducacional.com\/swp\/wp-content\/uploads\/2020\/05\/cruz.png?resize=225%2C225&ssl=1",225,225,true],"woocommerce_single":["https:\/\/i0.wp.com\/boxmakereducacional.com\/swp\/wp-content\/uploads\/2020\/05\/cruz.png?fit=225%2C225&ssl=1",225,225,true],"woocommerce_gallery_thumbnail":["https:\/\/i0.wp.com\/boxmakereducacional.com\/swp\/wp-content\/uploads\/2020\/05\/cruz.png?resize=100%2C100&ssl=1",100,100,true]},"uagb_author_info":{"display_name":"admin","author_link":"https:\/\/boxmakereducacional.com\/swp\/blog\/author\/admin\/"},"uagb_comment_info":0,"uagb_excerpt":"Espa\u00e7o Online de Louvor de Adora\u00e7\u00e3o https:\/\/www.youtube.com\/watch?v=bCYa9hB2ejU","featured_img":"https:\/\/i0.wp.com\/boxmakereducacional.com\/swp\/wp-content\/uploads\/2020\/05\/cruz.png?resize=225%2C225&ssl=1","coauthors":[],"author_meta":{"author_link":"https:\/\/boxmakereducacional.com\/swp\/blog\/author\/admin\/","display_name":"admin"},"relative_dates":{"created":"Posted 6 anos ago","modified":"Updated 6 anos ago"},"absolute_dates":{"created":"Posted on 08\/07\/2020","modified":"Updated on 04\/08\/2020"},"absolute_dates_time":{"created":"Posted on 08\/07\/2020 17:10","modified":"Updated on 04\/08\/2020 21:57"},"featured_img_caption":"","tax_additional":{"pwb-brand":{"linked":[],"unlinked":[],"slug":"pwb-brand","name":"Marcas"},"product_type":{"linked":["<a href=\"https:\/\/boxmakereducacional.com\/swp\/?taxonomy=product_type&#038;term=simple\" class=\"advgb-post-tax-term\">simple<\/a>"],"unlinked":["<span class=\"advgb-post-tax-term\">simple<\/span>"],"slug":"product_type","name":"Tipo de produto"},"product_visibility":{"linked":["<a href=\"https:\/\/boxmakereducacional.com\/swp\/?taxonomy=product_visibility&#038;term=outofstock\" class=\"advgb-post-tax-term\">outofstock<\/a>"],"unlinked":["<span class=\"advgb-post-tax-term\">outofstock<\/span>"],"slug":"product_visibility","name":"Visibilidade do produto"},"product_cat":{"linked":["<a href=\"https:\/\/boxmakereducacional.com\/swp\/categoria-produto\/hub-boxmaker-3\/igreja-online-8\/demonstrar-sistemas-eclesiasticos-12\/\" class=\"advgb-post-tax-term\">Demonstrar sistemas eclesi\u00e1sticos<\/a>"],"unlinked":["<span class=\"advgb-post-tax-term\">Demonstrar sistemas eclesi\u00e1sticos<\/span>"],"slug":"product_cat","name":"Categorias de produto"},"product_tag":{"linked":[],"unlinked":[],"slug":"product_tag","name":"Tags de produto"},"product_shipping_class":{"linked":[],"unlinked":[],"slug":"product_shipping_class","name":"Classes de entrega do produto"},"fb_product_set":{"linked":[],"unlinked":[],"slug":"fb_product_set","name":"Sincroniza\u00e7\u00e3o de produtos no Facebook"}},"series_order":"","brands":[],"_links":{"self":[{"href":"https:\/\/boxmakereducacional.com\/swp\/wp-json\/wp\/v2\/product\/877"}],"collection":[{"href":"https:\/\/boxmakereducacional.com\/swp\/wp-json\/wp\/v2\/product"}],"about":[{"href":"https:\/\/boxmakereducacional.com\/swp\/wp-json\/wp\/v2\/types\/product"}],"replies":[{"embeddable":true,"href":"https:\/\/boxmakereducacional.com\/swp\/wp-json\/wp\/v2\/comments?post=877"}],"wp:featuredmedia":[{"embeddable":true,"href":"https:\/\/boxmakereducacional.com\/swp\/wp-json\/wp\/v2\/media\/213"}],"wp:attachment":[{"href":"https:\/\/boxmakereducacional.com\/swp\/wp-json\/wp\/v2\/media?parent=877"}],"wp:term":[{"taxonomy":"pwb-brand","embeddable":true,"href":"https:\/\/boxmakereducacional.com\/swp\/wp-json\/wp\/v2\/pwb-brand?post=877"},{"taxonomy":"product_cat","embeddable":true,"href":"https:\/\/boxmakereducacional.com\/swp\/wp-json\/wp\/v2\/product_cat?post=877"},{"taxonomy":"product_tag","embeddable":true,"href":"https:\/\/boxmakereducacional.com\/swp\/wp-json\/wp\/v2\/product_tag?post=877"}],"curies":[{"name":"wp","href":"https:\/\/api.w.org\/{rel}","templated":true}]}}