{"id":1906,"date":"2023-02-28T14:20:09","date_gmt":"2023-02-28T14:20:09","guid":{"rendered":"https:\/\/boxmakereducacional.com\/swp\/?post_type=product&#038;p=1906"},"modified":"2023-10-19T06:45:18","modified_gmt":"2023-10-19T06:45:18","slug":"colegio-simonrobotica-e-programacao-presencial-modulo-1-1-ate-o-4ano-fundamental-i-2023-2","status":"publish","type":"product","link":"https:\/\/boxmakereducacional.com\/swp\/produto\/colegio-simonrobotica-e-programacao-presencial-modulo-1-1-ate-o-4ano-fundamental-i-2023-2\/","title":{"rendered":"<p>Col\u00e9gio Simon<\/p>ROB\u00d3TICA E PROGRAMA\u00c7\u00c3O PRESENCIAL &#8211; M\u00f3dulo 1  <p>1\u00b0 at\u00e9 o 4\u00b0ano <\/p><p>Fundamental I<\/p> 2023"},"content":{"rendered":"","protected":false},"excerpt":{"rendered":"<h5 align=\"center\"><strong><span style=\"vertical-align: inherit;\"><span style=\"vertical-align: inherit;\">Formas de Pagamento<\/span><\/span><\/strong><\/h5>\n<p align=\"center\"><a href=\"https:\/\/app.monetizze.com.br\/checkout\/KYD144519\"><img loading=\"lazy\" decoding=\"async\" src=\"https:\/\/boxmaker.com.br\/lj\/wp-content\/uploads\/2020\/08\/barrapagamento1-380x38-1.png\" sizes=\"(max-width: 380px) 100vw, 380px\" srcset=\"https:\/\/boxmaker.com.br\/lj\/wp-content\/uploads\/2020\/08\/barrapagamento1-380x38-1.png 380w, https:\/\/boxmaker.com.br\/lj\/wp-content\/uploads\/2020\/08\/barrapagamento1-380x38-1-300x30.png 300w\" alt=\"\" width=\"380\" height=\"38\" \/><\/a><\/p>\n<hr \/>\n<hr \/>\n<h5 align=\"center\"><strong>Venha aprender Rob\u00f3tica e Programa\u00e7\u00e3o com o time BoxMaker!<\/strong><\/h5>\n<h5 align=\"center\"><strong>Local: Col\u00e9gio Simon<\/strong><\/h5>\n<h5 align=\"center\"><strong>Todas as sextas-feiras \u00e0s 17:40h at\u00e9 18:40h.<\/strong><\/h5>\n<h5 align=\"center\"><strong>A aprendizagem \u00e9 l\u00fadica e colaborativa. Desenvolva o pensamento computacional, o racioc\u00ednio l\u00f3gico e a l\u00f3gica da programa\u00e7\u00e3o para a computa\u00e7\u00e3o de forma divertida com a Microbit, o Scratch e muito mais.<\/strong><\/h5>\n<hr \/>\n<h6 align=\"center\"><span style=\"vertical-align: inherit;\"><span style=\"vertical-align: inherit;\">Aprenda com o Time BoxMaker!!!<\/span><\/span><\/h6>\n<hr \/>\n<p align=\"center\">\n","protected":false},"author":1,"featured_media":1897,"comment_status":"open","ping_status":"closed","template":"","meta":{"_uag_custom_page_level_css":"","advgb_blocks_editor_width":"","advgb_blocks_columns_visual_guide":""},"pwb-brand":[66],"product_cat":[34],"product_tag":[],"jetpack_sharing_enabled":true,"uagb_featured_image_src":{"full":["https:\/\/i0.wp.com\/boxmakereducacional.com\/swp\/wp-content\/uploads\/2023\/02\/boxmaker-rp-f1-m1-simon.jpg?fit=1080%2C1080&ssl=1",1080,1080,false],"thumbnail":["https:\/\/i0.wp.com\/boxmakereducacional.com\/swp\/wp-content\/uploads\/2023\/02\/boxmaker-rp-f1-m1-simon.jpg?resize=150%2C150&ssl=1",150,150,true],"medium":["https:\/\/i0.wp.com\/boxmakereducacional.com\/swp\/wp-content\/uploads\/2023\/02\/boxmaker-rp-f1-m1-simon.jpg?fit=300%2C300&ssl=1",300,300,true],"medium_large":["https:\/\/i0.wp.com\/boxmakereducacional.com\/swp\/wp-content\/uploads\/2023\/02\/boxmaker-rp-f1-m1-simon.jpg?fit=730%2C730&ssl=1",730,730,true],"large":["https:\/\/i0.wp.com\/boxmakereducacional.com\/swp\/wp-content\/uploads\/2023\/02\/boxmaker-rp-f1-m1-simon.jpg?fit=730%2C730&ssl=1",730,730,true],"1536x1536":["https:\/\/i0.wp.com\/boxmakereducacional.com\/swp\/wp-content\/uploads\/2023\/02\/boxmaker-rp-f1-m1-simon.jpg?fit=1080%2C1080&ssl=1",1080,1080,true],"2048x2048":["https:\/\/i0.wp.com\/boxmakereducacional.com\/swp\/wp-content\/uploads\/2023\/02\/boxmaker-rp-f1-m1-simon.jpg?fit=1080%2C1080&ssl=1",1080,1080,true],"post-thumbnail":["https:\/\/i0.wp.com\/boxmakereducacional.com\/swp\/wp-content\/uploads\/2023\/02\/boxmaker-rp-f1-m1-simon.jpg?resize=1080%2C400&ssl=1",1080,400,true],"di-multipurpose-recentpostthumb":["https:\/\/i0.wp.com\/boxmakereducacional.com\/swp\/wp-content\/uploads\/2023\/02\/boxmaker-rp-f1-m1-simon.jpg?resize=90%2C90&ssl=1",90,90,true],"di-multipurpose-related-posts-thumb":["https:\/\/i0.wp.com\/boxmakereducacional.com\/swp\/wp-content\/uploads\/2023\/02\/boxmaker-rp-f1-m1-simon.jpg?resize=360%2C240&ssl=1",360,240,true],"di-multipurpose-owl-img":["https:\/\/i0.wp.com\/boxmakereducacional.com\/swp\/wp-content\/uploads\/2023\/02\/boxmaker-rp-f1-m1-simon.jpg?resize=450%2C300&ssl=1",450,300,true],"woocommerce_thumbnail":["https:\/\/i0.wp.com\/boxmakereducacional.com\/swp\/wp-content\/uploads\/2023\/02\/boxmaker-rp-f1-m1-simon.jpg?resize=300%2C300&ssl=1",300,300,true],"woocommerce_single":["https:\/\/i0.wp.com\/boxmakereducacional.com\/swp\/wp-content\/uploads\/2023\/02\/boxmaker-rp-f1-m1-simon.jpg?fit=600%2C600&ssl=1",600,600,true],"woocommerce_gallery_thumbnail":["https:\/\/i0.wp.com\/boxmakereducacional.com\/swp\/wp-content\/uploads\/2023\/02\/boxmaker-rp-f1-m1-simon.jpg?resize=100%2C100&ssl=1",100,100,true]},"uagb_author_info":{"display_name":"admin","author_link":"https:\/\/boxmakereducacional.com\/swp\/blog\/author\/admin\/"},"uagb_comment_info":0,"uagb_excerpt":"Formas de Pagamento Venha aprender Rob\u00f3tica e Programa\u00e7\u00e3o com o time BoxMaker! Local: Col\u00e9gio Simon Todas as sextas-feiras \u00e0s 17:40h at\u00e9 18:40h. A aprendizagem \u00e9 l\u00fadica e colaborativa. Desenvolva o pensamento computacional, o racioc\u00ednio l\u00f3gico e a l\u00f3gica da programa\u00e7\u00e3o para a computa\u00e7\u00e3o de forma divertida com a Microbit, o Scratch e muito mais. Aprenda&hellip;","featured_img":"https:\/\/i0.wp.com\/boxmakereducacional.com\/swp\/wp-content\/uploads\/2023\/02\/boxmaker-rp-f1-m1-simon.jpg?resize=1080%2C400&ssl=1","coauthors":[],"author_meta":{"author_link":"https:\/\/boxmakereducacional.com\/swp\/blog\/author\/admin\/","display_name":"admin"},"relative_dates":{"created":"Posted 3 anos ago","modified":"Updated 2 anos ago"},"absolute_dates":{"created":"Posted on 28\/02\/2023","modified":"Updated on 19\/10\/2023"},"absolute_dates_time":{"created":"Posted on 28\/02\/2023 14:20","modified":"Updated on 19\/10\/2023 06:45"},"featured_img_caption":"BoxMaker Rob\u00f3tica e Programa\u00e7\u00e3o M1 Col\u00e9gio Simon","tax_additional":{"pwb-brand":{"linked":["<a href=\"https:\/\/boxmakereducacional.com\/swp\/blog\/brand\/boxmaker\/\" class=\"advgb-post-tax-term\">BoxMaker<\/a>"],"unlinked":["<span class=\"advgb-post-tax-term\">BoxMaker<\/span>"],"slug":"pwb-brand","name":"Marcas"},"product_type":{"linked":["<a href=\"https:\/\/boxmakereducacional.com\/swp\/?taxonomy=product_type&#038;term=simple\" class=\"advgb-post-tax-term\">simple<\/a>"],"unlinked":["<span class=\"advgb-post-tax-term\">simple<\/span>"],"slug":"product_type","name":"Tipo de produto"},"product_visibility":{"linked":["<a href=\"https:\/\/boxmakereducacional.com\/swp\/?taxonomy=product_visibility&#038;term=featured\" class=\"advgb-post-tax-term\">featured<\/a>"],"unlinked":["<span class=\"advgb-post-tax-term\">featured<\/span>"],"slug":"product_visibility","name":"Visibilidade do produto"},"product_cat":{"linked":["<a href=\"https:\/\/boxmakereducacional.com\/swp\/categoria-produto\/cursos-2\/presencial-9\/\" class=\"advgb-post-tax-term\">Presencial 2023<\/a>"],"unlinked":["<span class=\"advgb-post-tax-term\">Presencial 2023<\/span>"],"slug":"product_cat","name":"Categorias de produto"},"product_tag":{"linked":[],"unlinked":[],"slug":"product_tag","name":"Tags de produto"},"product_shipping_class":{"linked":[],"unlinked":[],"slug":"product_shipping_class","name":"Classes de entrega do produto"},"fb_product_set":{"linked":[],"unlinked":[],"slug":"fb_product_set","name":"Sincroniza\u00e7\u00e3o de produtos no Facebook"}},"series_order":"","brands":[{"id":66,"name":"BoxMaker","slug":"boxmaker"}],"_links":{"self":[{"href":"https:\/\/boxmakereducacional.com\/swp\/wp-json\/wp\/v2\/product\/1906"}],"collection":[{"href":"https:\/\/boxmakereducacional.com\/swp\/wp-json\/wp\/v2\/product"}],"about":[{"href":"https:\/\/boxmakereducacional.com\/swp\/wp-json\/wp\/v2\/types\/product"}],"replies":[{"embeddable":true,"href":"https:\/\/boxmakereducacional.com\/swp\/wp-json\/wp\/v2\/comments?post=1906"}],"wp:featuredmedia":[{"embeddable":true,"href":"https:\/\/boxmakereducacional.com\/swp\/wp-json\/wp\/v2\/media\/1897"}],"wp:attachment":[{"href":"https:\/\/boxmakereducacional.com\/swp\/wp-json\/wp\/v2\/media?parent=1906"}],"wp:term":[{"taxonomy":"pwb-brand","embeddable":true,"href":"https:\/\/boxmakereducacional.com\/swp\/wp-json\/wp\/v2\/pwb-brand?post=1906"},{"taxonomy":"product_cat","embeddable":true,"href":"https:\/\/boxmakereducacional.com\/swp\/wp-json\/wp\/v2\/product_cat?post=1906"},{"taxonomy":"product_tag","embeddable":true,"href":"https:\/\/boxmakereducacional.com\/swp\/wp-json\/wp\/v2\/product_tag?post=1906"}],"curies":[{"name":"wp","href":"https:\/\/api.w.org\/{rel}","templated":true}]}}