{"id":1833,"date":"2022-08-03T01:06:38","date_gmt":"2022-08-03T01:06:38","guid":{"rendered":"https:\/\/boxmakereducacional.com\/swp\/?post_type=product&#038;p=1833"},"modified":"2023-01-13T02:22:45","modified_gmt":"2023-01-13T02:22:45","slug":"r-p","status":"publish","type":"product","link":"https:\/\/boxmakereducacional.com\/swp\/produto\/r-p\/","title":{"rendered":"Curso Rob\u00f3tica e Programa\u00e7\u00e3o + Kit de Rob\u00f3tica Arduino &#8211; Online"},"content":{"rendered":"<hr \/>\n<h2 align=\"center\">Rob\u00f3tica e Programa\u00e7\u00e3o + Kit de Rob\u00f3tica Arduino<\/h2>\n<p>&nbsp;<\/p>\n<h2 align=\"center\">\ud83d\udc68\u200d\ud83d\udcbb <strong>Sinopse:<\/strong> Aprenda Rob\u00f3tica e Programa\u00e7\u00e3o na pr\u00e1tica e monte projetos de rob\u00f3tico com o Kit de Rob\u00f3tica BoxMaker.<\/h2>\n<p>&nbsp;<\/p>\n<p>&nbsp;<\/p>\n<h3><a href=\"https:\/\/boxmakereducacional.com\/swp\/categoria-produto\/oficina-maker\/?add-to-cart=1352\"><input style=\"color: #ffffff; background-color: #e44816;\" name=\"button\" type=\"submit\" value=\"Comprar Agora\" \/><\/a><\/h3>\n<h3>* PROMO\u00c7\u00c3O POR TEMPO LIMITADO!<\/h3>\n<p><a href=\"https:\/\/app.monetizze.com.br\/checkout\/KYD144519\"><br \/>\n<img loading=\"lazy\" decoding=\"async\" src=\"https:\/\/i0.wp.com\/boxmaker.com.br\/lj\/wp-content\/uploads\/2020\/08\/barrasegura1-413x38-1.png?resize=413%2C38&#038;ssl=1\" sizes=\"(max-width: 413px) 100vw, 413px\" srcset=\"https:\/\/i0.wp.com\/boxmaker.com.br\/lj\/wp-content\/uploads\/2020\/08\/barrasegura1-413x38-1.png?resize=413%2C38&#038;ssl=1 413w, https:\/\/boxmaker.com.br\/lj\/wp-content\/uploads\/2020\/08\/barrasegura1-413x38-1-300x28.png 300w\" alt=\"\" width=\"413\" height=\"38\" data-recalc-dims=\"1\" \/><\/a><br \/>\n<a href=\"https:\/\/app.monetizze.com.br\/checkout\/KYD144519\"><br \/>\n<img loading=\"lazy\" decoding=\"async\" src=\"https:\/\/i0.wp.com\/boxmaker.com.br\/lj\/wp-content\/uploads\/2020\/08\/barrapagamento1-380x38-1.png?resize=380%2C38&#038;ssl=1\" sizes=\"(max-width: 380px) 100vw, 380px\" srcset=\"https:\/\/i0.wp.com\/boxmaker.com.br\/lj\/wp-content\/uploads\/2020\/08\/barrapagamento1-380x38-1.png?resize=380%2C38&#038;ssl=1 380w, https:\/\/boxmaker.com.br\/lj\/wp-content\/uploads\/2020\/08\/barrapagamento1-380x38-1-300x30.png 300w\" alt=\"\" width=\"380\" height=\"38\" data-recalc-dims=\"1\" \/><\/a><\/p>\n<p>&nbsp;<\/p>\n<hr \/>\n<h2><\/h2>\n<h2><b>Perguntas Frequentes<\/b><\/h2>\n<p>&nbsp;<\/p>\n<hr \/>\n<h2><\/h2>\n<h2><b>\ud83d\udc49<\/b><strong>O que aprenderei?<\/strong><\/h2>\n<dl>A\u00a0 criar e programar seu proojeto de rob\u00f3tica, utilizando linguagens de programa\u00e7\u00e3o, eletr\u00f4nica e mec\u00e2nica.<\/dl>\n<h2><\/h2>\n<h2><b>\ud83d\udc49\u00a0<\/b><strong>Qual o conte\u00fado?<\/strong><\/h2>\n<dl>Inicia\u00e7\u00e3o a Eletr\u00f4nica;<\/dl>\n<dl>Montagem de placas micro controladas;<\/dl>\n<dl>Inicia\u00e7\u00e3o a Mec\u00e2nica;<\/dl>\n<dl>Montagem de prot\u00f3tipos rob\u00f3ticos;<\/dl>\n<dl>Linguagem de Programa\u00e7\u00e3o.<\/dl>\n<h2><\/h2>\n<h2><b>\ud83d\udc49 <\/b><strong>Qual o Material utilizado na Curso de Rob\u00f3tica e Programa\u00e7\u00e3o Maker?<\/strong><\/h2>\n<ul>Kit Rob\u00f3tica e Programa\u00e7\u00e3o Maker &#8211; BoxMaker<\/p>\n<li>Kit Rob\u00f3tica Maker &#8211; BoxMaker\n<ul>\n<li>Monte e Programe sua pr\u00f3pria vers\u00e3o de Arduino\n<ul>\n<li>Circuito Impresso<\/li>\n<li>Microcontrolador Arduino<\/li>\n<li>Leds<\/li>\n<li>Resistores<\/li>\n<li>Motor DC<\/li>\n<li>Materiais diversos para customizar projetos<\/li>\n<li>Blocos l\u00f3gicos<\/li>\n<\/ul>\n<\/li>\n<\/ul>\n<\/li>\n<\/ul>\n<h2><\/h2>\n<h2><b>\ud83d\udc49 <\/b><strong>Posso levar o material do Kit <\/strong><strong>Rob\u00f3tica Maker <\/strong><strong>para minha casa?<\/strong><\/h2>\n<p>Sim, voc\u00ea receber\u00e1 em sua casa os componentes do kit de rob\u00f3tica BoxMaker para montar os projetos ensinados no curso.<\/p>\n<p>&nbsp;<\/p>\n<h2><b>\ud83d\udc49 <\/b><strong>Qual a modalidade?<\/strong><\/h2>\n<p>Online aulas ao vivo.<\/p>\n<p>&nbsp;<\/p>\n<h2><b>\ud83d\udc49\u00a0<\/b><strong>Qual a carga hor\u00e1ria?<\/strong><\/h2>\n<dl>15 horas.<\/dl>\n<h2><\/h2>\n<h2><b>\ud83d\udc49\u00a0<\/b><strong>Qual o per\u00edodo do Curso?<\/strong><\/h2>\n<dl>17 de setembro de 2022 \u00e0\u00a0 de 16 dezembro de 2022<\/dl>\n<h2><\/h2>\n<h2><b>\ud83d\udc49\u00a0<\/b><strong>Qual o hor\u00e1rio do Curso?<\/strong><\/h2>\n<dl>18:30 horas \u00e0s 17:30 horas<\/dl>\n<h2><\/h2>\n<h2><b>\ud83d\udc49\u00a0<\/b><strong>Quais os pr\u00e9-requisitos? <\/strong><\/h2>\n<dl>N\u00e3o \u00e9 necess\u00e1rio nenhum conhecimento pr\u00e9vio.<\/dl>\n<h3><\/h3>\n<h2><b>\ud83d\udc49 <\/b><strong>Como adquirir o material para realizar o curso? <\/strong><\/h2>\n<dl>Todo o material ser\u00e1 fornecido pela BoxMaker.<\/dl>\n<h3><\/h3>\n<h2><b>\ud83d\udc49 <\/b><strong style=\"font-size: 20px;\">Qual o p\u00fablico alvo?<\/strong><\/h2>\n<dl>Crian\u00e7as e adolescentes de 6 a 14 anos.<\/dl>\n<h3><\/h3>\n<h2><b>\ud83d\udc49 <\/b><strong>Possui certifica\u00e7\u00e3o?<\/strong><\/h2>\n<dl>Sim, com a carga hor\u00e1ria de 15 horas.<\/dl>\n<h3><\/h3>\n<h2><b>\ud83d\udc49 <\/b><b>Qual a forma de Pagamento?<\/b><\/h2>\n<dl>Cart\u00e3o de cr\u00e9dito.<\/dl>\n<dl><\/dl>\n<dl><\/dl>\n<h3><\/h3>\n<h3><a href=\"https:\/\/boxmakereducacional.com\/swp\/categoria-produto\/oficina-maker\/?add-to-cart=1352\"><input style=\"color: #ffffff; background-color: #e44816;\" name=\"button\" type=\"submit\" value=\"Comprar Agora\" \/><\/a><\/h3>\n<h3>* PROMO\u00c7\u00c3O POR TEMPO LIMITADO!<\/h3>\n<p><a href=\"https:\/\/app.monetizze.com.br\/checkout\/KYD144519\"><br \/>\n<img loading=\"lazy\" decoding=\"async\" src=\"https:\/\/i0.wp.com\/boxmaker.com.br\/lj\/wp-content\/uploads\/2020\/08\/barrasegura1-413x38-1.png?resize=413%2C38&#038;ssl=1\" sizes=\"(max-width: 413px) 100vw, 413px\" srcset=\"https:\/\/i0.wp.com\/boxmaker.com.br\/lj\/wp-content\/uploads\/2020\/08\/barrasegura1-413x38-1.png?resize=413%2C38&#038;ssl=1 413w, https:\/\/boxmaker.com.br\/lj\/wp-content\/uploads\/2020\/08\/barrasegura1-413x38-1-300x28.png 300w\" alt=\"\" width=\"413\" height=\"38\" data-recalc-dims=\"1\" \/><\/a><br \/>\n<a href=\"https:\/\/app.monetizze.com.br\/checkout\/KYD144519\"><br \/>\n<img loading=\"lazy\" decoding=\"async\" src=\"https:\/\/i0.wp.com\/boxmaker.com.br\/lj\/wp-content\/uploads\/2020\/08\/barrapagamento1-380x38-1.png?resize=380%2C38&#038;ssl=1\" sizes=\"(max-width: 380px) 100vw, 380px\" srcset=\"https:\/\/i0.wp.com\/boxmaker.com.br\/lj\/wp-content\/uploads\/2020\/08\/barrapagamento1-380x38-1.png?resize=380%2C38&#038;ssl=1 380w, https:\/\/boxmaker.com.br\/lj\/wp-content\/uploads\/2020\/08\/barrapagamento1-380x38-1-300x30.png 300w\" alt=\"\" width=\"380\" height=\"38\" data-recalc-dims=\"1\" \/><\/a><\/p>\n<p>&nbsp;<\/p>\n<hr \/>\n<h2>Site Seguro<\/h2>\n<p><img loading=\"lazy\" decoding=\"async\" src=\"https:\/\/i0.wp.com\/boxmaker.com.br\/lj\/wp-content\/uploads\/2020\/08\/seguro.png?resize=273%2C93&#038;ssl=1\" alt=\"\" width=\"273\" height=\"93\" data-recalc-dims=\"1\" \/><\/p>\n<p>&nbsp;<\/p>\n<hr \/>\n<p>Powerd by: BoxMaker<\/p>\n<hr \/>\n<h3><\/h3>\n<p>&nbsp;<\/p>\n","protected":false},"excerpt":{"rendered":"<p align=\"center\"><strong>Rob\u00f3tica e Programa\u00e7\u00e3o + Kit de Rob\u00f3tica. <\/strong><\/p>\n<p align=\"center\"><strong><strong>Aprenda com o Time BoxMaker!!!<\/strong><\/strong><\/p>\n","protected":false},"author":1,"featured_media":1834,"comment_status":"open","ping_status":"closed","template":"","meta":{"_uag_custom_page_level_css":"","advgb_blocks_editor_width":"","advgb_blocks_columns_visual_guide":""},"pwb-brand":[66],"product_cat":[54],"product_tag":[],"jetpack_sharing_enabled":true,"uagb_featured_image_src":{"full":["https:\/\/i0.wp.com\/boxmakereducacional.com\/swp\/wp-content\/uploads\/2022\/08\/copr-boxmaker.jpeg?fit=1080%2C1080&ssl=1",1080,1080,false],"thumbnail":["https:\/\/i0.wp.com\/boxmakereducacional.com\/swp\/wp-content\/uploads\/2022\/08\/copr-boxmaker.jpeg?resize=150%2C150&ssl=1",150,150,true],"medium":["https:\/\/i0.wp.com\/boxmakereducacional.com\/swp\/wp-content\/uploads\/2022\/08\/copr-boxmaker.jpeg?fit=300%2C300&ssl=1",300,300,true],"medium_large":["https:\/\/i0.wp.com\/boxmakereducacional.com\/swp\/wp-content\/uploads\/2022\/08\/copr-boxmaker.jpeg?fit=730%2C730&ssl=1",730,730,true],"large":["https:\/\/i0.wp.com\/boxmakereducacional.com\/swp\/wp-content\/uploads\/2022\/08\/copr-boxmaker.jpeg?fit=730%2C730&ssl=1",730,730,true],"1536x1536":["https:\/\/i0.wp.com\/boxmakereducacional.com\/swp\/wp-content\/uploads\/2022\/08\/copr-boxmaker.jpeg?fit=1080%2C1080&ssl=1",1080,1080,true],"2048x2048":["https:\/\/i0.wp.com\/boxmakereducacional.com\/swp\/wp-content\/uploads\/2022\/08\/copr-boxmaker.jpeg?fit=1080%2C1080&ssl=1",1080,1080,true],"post-thumbnail":["https:\/\/i0.wp.com\/boxmakereducacional.com\/swp\/wp-content\/uploads\/2022\/08\/copr-boxmaker.jpeg?resize=1080%2C400&ssl=1",1080,400,true],"di-multipurpose-recentpostthumb":["https:\/\/i0.wp.com\/boxmakereducacional.com\/swp\/wp-content\/uploads\/2022\/08\/copr-boxmaker.jpeg?resize=90%2C90&ssl=1",90,90,true],"di-multipurpose-related-posts-thumb":["https:\/\/i0.wp.com\/boxmakereducacional.com\/swp\/wp-content\/uploads\/2022\/08\/copr-boxmaker.jpeg?resize=360%2C240&ssl=1",360,240,true],"di-multipurpose-owl-img":["https:\/\/i0.wp.com\/boxmakereducacional.com\/swp\/wp-content\/uploads\/2022\/08\/copr-boxmaker.jpeg?resize=450%2C300&ssl=1",450,300,true],"woocommerce_thumbnail":["https:\/\/i0.wp.com\/boxmakereducacional.com\/swp\/wp-content\/uploads\/2022\/08\/copr-boxmaker.jpeg?resize=300%2C300&ssl=1",300,300,true],"woocommerce_single":["https:\/\/i0.wp.com\/boxmakereducacional.com\/swp\/wp-content\/uploads\/2022\/08\/copr-boxmaker.jpeg?fit=600%2C600&ssl=1",600,600,true],"woocommerce_gallery_thumbnail":["https:\/\/i0.wp.com\/boxmakereducacional.com\/swp\/wp-content\/uploads\/2022\/08\/copr-boxmaker.jpeg?resize=100%2C100&ssl=1",100,100,true]},"uagb_author_info":{"display_name":"admin","author_link":"https:\/\/boxmakereducacional.com\/swp\/blog\/author\/admin\/"},"uagb_comment_info":0,"uagb_excerpt":"Rob\u00f3tica e Programa\u00e7\u00e3o + Kit de Rob\u00f3tica. Aprenda com o Time BoxMaker!!!","featured_img":"https:\/\/i0.wp.com\/boxmakereducacional.com\/swp\/wp-content\/uploads\/2022\/08\/copr-boxmaker.jpeg?resize=1080%2C400&ssl=1","coauthors":[],"author_meta":{"author_link":"https:\/\/boxmakereducacional.com\/swp\/blog\/author\/admin\/","display_name":"admin"},"relative_dates":{"created":"Posted 4 anos ago","modified":"Updated 3 anos ago"},"absolute_dates":{"created":"Posted on 03\/08\/2022","modified":"Updated on 13\/01\/2023"},"absolute_dates_time":{"created":"Posted on 03\/08\/2022 01:06","modified":"Updated on 13\/01\/2023 02:22"},"featured_img_caption":"Curso Online Rob\u00f3tica e Programa\u00e7\u00e3o BoxMaker","tax_additional":{"pwb-brand":{"linked":["<a href=\"https:\/\/boxmakereducacional.com\/swp\/blog\/brand\/boxmaker\/\" class=\"advgb-post-tax-term\">BoxMaker<\/a>"],"unlinked":["<span class=\"advgb-post-tax-term\">BoxMaker<\/span>"],"slug":"pwb-brand","name":"Marcas"},"product_type":{"linked":["<a href=\"https:\/\/boxmakereducacional.com\/swp\/?taxonomy=product_type&#038;term=simple\" class=\"advgb-post-tax-term\">simple<\/a>"],"unlinked":["<span class=\"advgb-post-tax-term\">simple<\/span>"],"slug":"product_type","name":"Tipo de produto"},"product_visibility":{"linked":["<a href=\"https:\/\/boxmakereducacional.com\/swp\/?taxonomy=product_visibility&#038;term=outofstock\" class=\"advgb-post-tax-term\">outofstock<\/a>"],"unlinked":["<span class=\"advgb-post-tax-term\">outofstock<\/span>"],"slug":"product_visibility","name":"Visibilidade do produto"},"product_cat":{"linked":["<a href=\"https:\/\/boxmakereducacional.com\/swp\/categoria-produto\/boxmaker-1\/sistema-15\/\" class=\"advgb-post-tax-term\">Sistema<\/a>"],"unlinked":["<span class=\"advgb-post-tax-term\">Sistema<\/span>"],"slug":"product_cat","name":"Categorias de produto"},"product_tag":{"linked":[],"unlinked":[],"slug":"product_tag","name":"Tags de produto"},"product_shipping_class":{"linked":[],"unlinked":[],"slug":"product_shipping_class","name":"Classes de entrega do produto"},"fb_product_set":{"linked":[],"unlinked":[],"slug":"fb_product_set","name":"Sincroniza\u00e7\u00e3o de produtos no Facebook"}},"series_order":"","brands":[{"id":66,"name":"BoxMaker","slug":"boxmaker"}],"_links":{"self":[{"href":"https:\/\/boxmakereducacional.com\/swp\/wp-json\/wp\/v2\/product\/1833"}],"collection":[{"href":"https:\/\/boxmakereducacional.com\/swp\/wp-json\/wp\/v2\/product"}],"about":[{"href":"https:\/\/boxmakereducacional.com\/swp\/wp-json\/wp\/v2\/types\/product"}],"replies":[{"embeddable":true,"href":"https:\/\/boxmakereducacional.com\/swp\/wp-json\/wp\/v2\/comments?post=1833"}],"wp:featuredmedia":[{"embeddable":true,"href":"https:\/\/boxmakereducacional.com\/swp\/wp-json\/wp\/v2\/media\/1834"}],"wp:attachment":[{"href":"https:\/\/boxmakereducacional.com\/swp\/wp-json\/wp\/v2\/media?parent=1833"}],"wp:term":[{"taxonomy":"pwb-brand","embeddable":true,"href":"https:\/\/boxmakereducacional.com\/swp\/wp-json\/wp\/v2\/pwb-brand?post=1833"},{"taxonomy":"product_cat","embeddable":true,"href":"https:\/\/boxmakereducacional.com\/swp\/wp-json\/wp\/v2\/product_cat?post=1833"},{"taxonomy":"product_tag","embeddable":true,"href":"https:\/\/boxmakereducacional.com\/swp\/wp-json\/wp\/v2\/product_tag?post=1833"}],"curies":[{"name":"wp","href":"https:\/\/api.w.org\/{rel}","templated":true}]}}